{"id":57,"date":"2024-12-20T13:40:28","date_gmt":"2024-12-20T16:40:28","guid":{"rendered":"https:\/\/amigosdaverdade.org.br\/?page_id=57"},"modified":"2024-12-30T10:36:44","modified_gmt":"2024-12-30T13:36:44","slug":"o-que-e-maconaria","status":"publish","type":"page","link":"https:\/\/grausfilosoficosdompedro.org.br\/index.php\/o-que-e-maconaria\/","title":{"rendered":"O que \u00e9 Ma\u00e7onaria"},"content":{"rendered":"\t\t<div data-elementor-type=\"wp-page\" data-elementor-id=\"57\" class=\"elementor elementor-57\">\n\t\t\t\t<div class=\"elementor-element elementor-element-7018edd1 e-flex e-con-boxed e-con e-parent\" data-id=\"7018edd1\" data-element_type=\"container\">\n\t\t\t\t\t<div class=\"e-con-inner\">\n\t\t\t\t<div class=\"elementor-element elementor-element-36b7fe8 elementor-widget elementor-widget-heading\" data-id=\"36b7fe8\" data-element_type=\"widget\" data-widget_type=\"heading.default\">\n\t\t\t\t<div class=\"elementor-widget-container\">\n\t\t\t\t\t<h2 class=\"elementor-heading-title elementor-size-default\">O que \u00e9 Ma\u00e7onaria<\/h2>\t\t\t\t<\/div>\n\t\t\t\t<\/div>\n\t\t\t\t\t<\/div>\n\t\t\t\t<\/div>\n\t\t<div class=\"elementor-element elementor-element-d673591 e-flex e-con-boxed e-con e-parent\" data-id=\"d673591\" data-element_type=\"container\">\n\t\t\t\t\t<div class=\"e-con-inner\">\n\t\t<div class=\"elementor-element elementor-element-ffb806f e-con-full e-flex e-con e-child\" data-id=\"ffb806f\" data-element_type=\"container\">\n\t\t\t\t<div class=\"elementor-element elementor-element-92fd7b4 elementor-drop-cap-yes elementor-drop-cap-view-default elementor-widget elementor-widget-text-editor\" data-id=\"92fd7b4\" data-element_type=\"widget\" data-settings=\"{&quot;drop_cap&quot;:&quot;yes&quot;}\" data-widget_type=\"text-editor.default\">\n\t\t\t\t<div class=\"elementor-widget-container\">\n\t\t\t\t\t\t\t\t\t<p>A Constitui\u00e7\u00e3o do Grande Oriente do Brasil, maior organiza\u00e7\u00e3o ma\u00e7\u00f4nica da Am\u00e9rica do Sul, define Ma\u00e7onaria como uma institui\u00e7\u00e3o inici\u00e1tica, filos\u00f3fica, filantr\u00f3pica, progressista e evolucionista, cujos fins supremos s\u00e3o: Liberdade, Igualdade e Fraternidade.<\/p>\n<p><span style=\"text-align: left; font-weight: var( --e-global-typography-text-font-weight );\">Henrique Valadares, o Visconde de Cairu, em seu livro \u201cO Aprendiz Ma\u00e7om\u201d, acrescenta que a Ma\u00e7onaria \u201c&#8230;tem por objetivo a indaga\u00e7\u00e3o da verdade, o estudo da moral e a pr\u00e1tica da solidariedade, trabalhando pelo melhoramento material e moral e pelo aperfei\u00e7oamento intelectual da Humanidade\u201d.<\/span><\/p>\t\t\t\t\t\t\t\t<\/div>\n\t\t\t\t<\/div>\n\t\t\t\t<\/div>\n\t\t<div class=\"elementor-element elementor-element-aceac90 e-con-full e-flex elementor-invisible e-con e-child\" data-id=\"aceac90\" data-element_type=\"container\" data-settings=\"{&quot;animation&quot;:&quot;fadeInRight&quot;}\">\n\t\t\t\t<div class=\"elementor-element elementor-element-ee958ef elementor-widget__width-initial elementor-widget elementor-widget-image\" data-id=\"ee958ef\" data-element_type=\"widget\" data-widget_type=\"image.default\">\n\t\t\t\t<div class=\"elementor-widget-container\">\n\t\t\t\t\t\t\t\t\t\t\t\t\t\t\t<img fetchpriority=\"high\" width=\"480\" height=\"463\" src=\"https:\/\/grausfilosoficosdompedro.org.br\/wp-content\/uploads\/2024\/12\/Esquadro-Compasso-e-Livro.jpg\" class=\"attachment-large size-large wp-image-299\" alt=\"\" srcset=\"https:\/\/grausfilosoficosdompedro.org.br\/wp-content\/uploads\/2024\/12\/Esquadro-Compasso-e-Livro.jpg 480w, https:\/\/grausfilosoficosdompedro.org.br\/wp-content\/uploads\/2024\/12\/Esquadro-Compasso-e-Livro-300x289.jpg 300w\" sizes=\"(max-width: 480px) 100vw, 480px\" \/>\t\t\t\t\t\t\t\t\t\t\t\t\t\t\t<\/div>\n\t\t\t\t<\/div>\n\t\t\t\t<\/div>\n\t\t<div class=\"elementor-element elementor-element-094bcab e-con-full e-flex e-con e-child\" data-id=\"094bcab\" data-element_type=\"container\">\n\t\t\t\t<div class=\"elementor-element elementor-element-8657cb2 elementor-widget__width-initial elementor-invisible elementor-widget elementor-widget-image\" data-id=\"8657cb2\" data-element_type=\"widget\" data-settings=\"{&quot;_animation&quot;:&quot;fadeInLeft&quot;}\" data-widget_type=\"image.default\">\n\t\t\t\t<div class=\"elementor-widget-container\">\n\t\t\t\t\t\t\t\t\t\t\t\t\t\t\t<img width=\"696\" height=\"395\" src=\"https:\/\/grausfilosoficosdompedro.org.br\/wp-content\/uploads\/2024\/12\/Handshake.png\" class=\"attachment-large size-large wp-image-301\" alt=\"\" srcset=\"https:\/\/grausfilosoficosdompedro.org.br\/wp-content\/uploads\/2024\/12\/Handshake.png 935w, https:\/\/grausfilosoficosdompedro.org.br\/wp-content\/uploads\/2024\/12\/Handshake-300x170.png 300w, https:\/\/grausfilosoficosdompedro.org.br\/wp-content\/uploads\/2024\/12\/Handshake-768x436.png 768w\" sizes=\"(max-width: 696px) 100vw, 696px\" \/>\t\t\t\t\t\t\t\t\t\t\t\t\t\t\t<\/div>\n\t\t\t\t<\/div>\n\t\t\t\t<\/div>\n\t\t<div class=\"elementor-element elementor-element-5943141 e-con-full e-flex e-con e-child\" data-id=\"5943141\" data-element_type=\"container\">\n\t\t\t\t<div class=\"elementor-element elementor-element-0f3d4ca elementor-drop-cap-yes elementor-drop-cap-view-default elementor-widget elementor-widget-text-editor\" data-id=\"0f3d4ca\" data-element_type=\"widget\" data-settings=\"{&quot;drop_cap&quot;:&quot;yes&quot;}\" data-widget_type=\"text-editor.default\">\n\t\t\t\t<div class=\"elementor-widget-container\">\n\t\t\t\t\t\t\t\t\t<p>Sendo uma institui\u00e7\u00e3o inici\u00e1tica, a Ordem Ma\u00e7\u00f4nica aceita em seu seio homens livres e considerados de bons costumes. Embora somente pessoas do sexo masculino possam ingressar nas Lojas Ma\u00e7\u00f4nicas pertencentes \u00e0 federa\u00e7\u00e3o do Grande Oriente do Brasil, as mulheres t\u00eam um papel muito relevante no que concerne \u00e0s atividades de caridade nas Fraternidades Femininas vinculadas a essas Lojas.<\/p>\n<p>A parte filantr\u00f3pica \u00e9, por vezes, o bra\u00e7o mais conhecido da Ma\u00e7onaria, como o trabalho de apoio financeiro e administrativo que diversas Lojas Ma\u00e7\u00f4nicas promovem em institui\u00e7\u00f5es de caridade. \u00c9 parte important\u00edssima da vida dos seus membros, mas o objetivo da Ma\u00e7onaria vai muito al\u00e9m da ajuda ao pr\u00f3ximo e do aux\u00edlio m\u00fatuo entre os membros de uma Loja.<\/p>\t\t\t\t\t\t\t\t<\/div>\n\t\t\t\t<\/div>\n\t\t\t\t<\/div>\n\t\t<div class=\"elementor-element elementor-element-2f544b2 e-con-full e-flex e-con e-child\" data-id=\"2f544b2\" data-element_type=\"container\">\n\t\t\t\t<div class=\"elementor-element elementor-element-a346a0d elementor-drop-cap-yes elementor-drop-cap-view-default elementor-widget elementor-widget-text-editor\" data-id=\"a346a0d\" data-element_type=\"widget\" data-settings=\"{&quot;drop_cap&quot;:&quot;yes&quot;}\" data-widget_type=\"text-editor.default\">\n\t\t\t\t<div class=\"elementor-widget-container\">\n\t\t\t\t\t\t\t\t\t<p>Fizeram parte das fileiras ma\u00e7\u00f4nicas ilustres personagens da Hist\u00f3ria do Brasil e do mundo, tais como: Jos\u00e9 Bonif\u00e1cio, Quintino Bocai\u00fava, Ruy Barbosa, Luiz Gama, Fernando Pessoa, Wolfgang A. Mozart, George Washington. Estes homens, donos de uma vis\u00e3o progressista, lutaram por ideais que transformaram os costumes de sua \u00e9poca e a Ma\u00e7onaria foi, em muitos casos, o alicerce filos\u00f3fico e pol\u00edtico destas mudan\u00e7as.<\/p>\t\t\t\t\t\t\t\t<\/div>\n\t\t\t\t<\/div>\n\t\t\t\t<\/div>\n\t\t<div class=\"elementor-element elementor-element-50869de e-con-full e-flex e-con e-child\" data-id=\"50869de\" data-element_type=\"container\">\n\t\t\t\t<div class=\"elementor-element elementor-element-4b77b37 elementor-widget__width-initial elementor-invisible elementor-widget elementor-widget-image\" data-id=\"4b77b37\" data-element_type=\"widget\" data-settings=\"{&quot;_animation&quot;:&quot;fadeInRight&quot;}\" data-widget_type=\"image.default\">\n\t\t\t\t<div class=\"elementor-widget-container\">\n\t\t\t\t\t\t\t\t\t\t\t\t\t\t\t<img width=\"612\" height=\"408\" src=\"https:\/\/grausfilosoficosdompedro.org.br\/wp-content\/uploads\/2024\/12\/Luiz_Gama-removebg-preview.png\" class=\"attachment-large size-large wp-image-304\" alt=\"\" srcset=\"https:\/\/grausfilosoficosdompedro.org.br\/wp-content\/uploads\/2024\/12\/Luiz_Gama-removebg-preview.png 612w, https:\/\/grausfilosoficosdompedro.org.br\/wp-content\/uploads\/2024\/12\/Luiz_Gama-removebg-preview-300x200.png 300w\" sizes=\"(max-width: 612px) 100vw, 612px\" \/>\t\t\t\t\t\t\t\t\t\t\t\t\t\t\t<\/div>\n\t\t\t\t<\/div>\n\t\t\t\t<\/div>\n\t\t\t\t\t<\/div>\n\t\t\t\t<\/div>\n\t\t\t\t<\/div>\n\t\t","protected":false},"excerpt":{"rendered":"<p>O que \u00e9 Ma\u00e7onaria A Constitui\u00e7\u00e3o do Grande Oriente do Brasil, maior organiza\u00e7\u00e3o ma\u00e7\u00f4nica da Am\u00e9rica do Sul, define Ma\u00e7onaria como uma institui\u00e7\u00e3o inici\u00e1tica, filos\u00f3fica, filantr\u00f3pica, progressista e evolucionista, cujos fins supremos s\u00e3o: Liberdade, Igualdade e Fraternidade. Henrique Valadares, o Visconde de Cairu, em seu livro \u201cO Aprendiz Ma\u00e7om\u201d, acrescenta que a Ma\u00e7onaria \u201c&#8230;tem por<\/p>\n<p><a href=\"https:\/\/grausfilosoficosdompedro.org.br\/index.php\/o-que-e-maconaria\/\" class=\"more-link\">Read More<\/a><\/p>\n","protected":false},"author":1,"featured_media":0,"parent":0,"menu_order":0,"comment_status":"closed","ping_status":"closed","template":"","meta":{"footnotes":""},"class_list":["post-57","page","type-page","status-publish","hentry"],"_links":{"self":[{"href":"https:\/\/grausfilosoficosdompedro.org.br\/index.php\/wp-json\/wp\/v2\/pages\/57","targetHints":{"allow":["GET"]}}],"collection":[{"href":"https:\/\/grausfilosoficosdompedro.org.br\/index.php\/wp-json\/wp\/v2\/pages"}],"about":[{"href":"https:\/\/grausfilosoficosdompedro.org.br\/index.php\/wp-json\/wp\/v2\/types\/page"}],"author":[{"embeddable":true,"href":"https:\/\/grausfilosoficosdompedro.org.br\/index.php\/wp-json\/wp\/v2\/users\/1"}],"replies":[{"embeddable":true,"href":"https:\/\/grausfilosoficosdompedro.org.br\/index.php\/wp-json\/wp\/v2\/comments?post=57"}],"version-history":[{"count":3,"href":"https:\/\/grausfilosoficosdompedro.org.br\/index.php\/wp-json\/wp\/v2\/pages\/57\/revisions"}],"predecessor-version":[{"id":307,"href":"https:\/\/grausfilosoficosdompedro.org.br\/index.php\/wp-json\/wp\/v2\/pages\/57\/revisions\/307"}],"wp:attachment":[{"href":"https:\/\/grausfilosoficosdompedro.org.br\/index.php\/wp-json\/wp\/v2\/media?parent=57"}],"curies":[{"name":"wp","href":"https:\/\/api.w.org\/{rel}","templated":true}]}}